{"id":551,"date":"2013-06-26T22:56:49","date_gmt":"2013-06-26T22:56:49","guid":{"rendered":"http:\/\/localhost\/wordpress-3-5\/?page_id=551"},"modified":"2016-08-18T21:56:17","modified_gmt":"2016-08-18T21:56:17","slug":"home-extended","status":"publish","type":"page","link":"http:\/\/pss-sst.pt\/front2\/","title":{"rendered":"Home"},"content":{"rendered":"<div style=\"height: 700px\" class=\"parallax_slider_outer first-section\"><div style=\"height: 700px\" data-fullscreen=\"false\" data-autorotate=\"\" data-parallax=\"true\" data-full-width=\"true\" class=\"nectar-slider-wrap \" id=\"ns-id-69e48f5b679f1\">\r\n\t\t<div style=\"height: 700px\" class=\"swiper-container\" data-loop=\"true\" data-height=\"700\" data-arrows=\"true\" data-bullets=\"true\" data-desktop-swipe=\"true\">\r\n\t\t\t    <div class=\"swiper-wrapper\"><div class=\"swiper-slide\" style=\"background-image: url(http:\/\/pss-sst.pt\/front2\/wp-content\/uploads\/2020\/03\/covid-19-1330px.jpg);\" data-bg-alignment=\"center\" data-color-scheme=\"light\" data-x-pos=\"right\" data-y-pos=\"middle\"> \r\n\t\t\t\t\r\n\t\t\t\t\t\t\t<div class=\"container\">\r\n\t\t\t\t\t\t\t\t<div class=\"content\"><h2>COVID19<\/h2><p  ><span>Comp\u00eandio de Normas e Informa\u00e7\u00f5es relevantes para a \u00e1rea de Seguran\u00e7a e Sa\u00fade no Trabalho<\/span><\/p><div class=\"buttons\"><div class=\"button solid_color\">\r\n\t\t\t\t\t\t\t\t\t\t\t \t\t <a class=\"extra-color-1\" href=\"http:\/\/pss-sst.pt\/front2\/?p=995\">Ver mais<\/a>\r\n\t\t\t\t\t\t\t\t\t\t\t \t <\/div><div class=\"button transparent\">\r\n\t\t\t\t\t\t\t\t\t\t\t \t\t <a class=\"primary-color\" href=\"http:\/\/pss-sst.pt\/front2\/?page_id=703\">Contact Center<\/a>\r\n\t\t\t\t\t\t\t\t\t\t\t \t <\/div><\/div><\/div>\r\n\t\t\t\t\t\t\t<\/div><!--\/container--><\/div><!--\/swiper-slide--><div class=\"swiper-slide\" style=\"background-image: url(http:\/\/pss-sst.pt\/front2\/wp-content\/uploads\/2019\/05\/Facebook-Cover-06.jpg);\" data-bg-alignment=\"center\" data-color-scheme=\"light\" data-x-pos=\"left\" data-y-pos=\"middle\"> \r\n\t\t\t\t\r\n\t\t\t\t\t\t\t<div class=\"container\">\r\n\t\t\t\t\t\t\t\t<div class=\"content\"><\/div>\r\n\t\t\t\t\t\t\t<\/div><!--\/container--><a href=\"http:\/\/pss-sst.pt\/front2\/?page_id=703\" class=\"entire-slide-link\"><\/a><\/div><!--\/swiper-slide--><div class=\"swiper-slide\" style=\"background-image: url(http:\/\/pss-sst.pt\/front2\/wp-content\/uploads\/2016\/08\/seg_no_trab.jpg);\" data-bg-alignment=\"center\" data-color-scheme=\"light\" data-x-pos=\"left\" data-y-pos=\"middle\"> \r\n\t\t\t\t\r\n\t\t\t\t\t\t\t<div class=\"container\">\r\n\t\t\t\t\t\t\t\t<div class=\"content\"><h2>SEGURAN\u00c7A NO TRABALHO<\/h2><p  ><span>O servi\u00e7o de seguran\u00e7a no trabalho, composto por t\u00e9cnicos superiores de HST, garantem a seguran\u00e7a da sua empresa!<\/span><\/p><div class=\"buttons\"><div class=\"button transparent\">\r\n\t\t\t\t\t\t\t\t\t\t\t \t\t <a class=\"primary-color\" href=\"http:\/\/pss-sst.pt\/front2\/?page_id=928\">CONHE\u00c7A<\/a>\r\n\t\t\t\t\t\t\t\t\t\t\t \t <\/div><div class=\"button solid_color\">\r\n\t\t\t\t\t\t\t\t\t\t\t \t\t <a class=\"extra-color-1\" href=\"http:\/\/pss-sst.pt\/front2\/?page_id=703\">CONTACTOS<\/a>\r\n\t\t\t\t\t\t\t\t\t\t\t \t <\/div><\/div><\/div>\r\n\t\t\t\t\t\t\t<\/div><!--\/container--><\/div><!--\/swiper-slide--><div class=\"swiper-slide static\" style=\"background-image: url(http:\/\/pss-sst.pt\/front2\/wp-content\/uploads\/2016\/08\/saude.jpg);\" data-bg-alignment=\"center\" data-color-scheme=\"dark\" data-x-pos=\"right\" data-y-pos=\"top\"> \r\n\t\t\t\t\r\n\t\t\t\t\t\t\t<div class=\"container\">\r\n\t\t\t\t\t\t\t\t<div class=\"content\"><h2>SA\u00daDE NO TRABALHO<\/h2><p  ><span>A equipa de sa\u00fade no trabalho \u00e9 composta por m\u00e9dicos especialistas em Medicina do Trabalho e Enfermeiro do Trabalho. <br\/> Preparados para cuidar da sa\u00fade da sua empresa.<\/span><\/p><div class=\"buttons\"><div class=\"button transparent\">\r\n\t\t\t\t\t\t\t\t\t\t\t \t\t <a class=\"extra-color-3\" href=\"http:\/\/pss-sst.pt\/front2\/?page_id=910\">CONHE\u00c7A<\/a>\r\n\t\t\t\t\t\t\t\t\t\t\t \t <\/div><div class=\"button solid_color\">\r\n\t\t\t\t\t\t\t\t\t\t\t \t\t <a class=\"extra-color-1\" href=\"http:\/\/pss-sst.pt\/front2\/?page_id=703\">CONTACTO<\/a>\r\n\t\t\t\t\t\t\t\t\t\t\t \t <\/div><\/div><\/div>\r\n\t\t\t\t\t\t\t<\/div><!--\/container--><\/div><!--\/swiper-slide--><\/div><a href=\"\" class=\"slider-prev\"><i class=\"icon-salient-left-arrow\"><\/i> <div class=\"slide-count\"> <span class=\"slide-current\">1<\/span> <i class=\"icon-salient-right-line\"><\/i> <span class=\"slide-total\"><\/span> <\/div> <\/a>\r\n\t\t\t     \t\t<a href=\"\" class=\"slider-next\"><i class=\"icon-salient-right-arrow\"><\/i> <div class=\"slide-count\"> <span class=\"slide-current\">1<\/span> <i class=\"icon-salient-right-line\"><\/i> <span class=\"slide-total\"><\/span> <\/div> <\/a><div class=\"slider-pagination\"><\/div><div class=\"nectar-slider-loading\"><\/div> <\/div> \r\n\t\t\t\r\n\t\t<\/div><\/div>\n\r\n\t<div id=\"fws_69e48f5b6b256\" class=\"full-width-section standard_section   \" style=\"background-color: #fdfdfd; padding-top: 100px; padding-bottom: 100px; \">\r\n    <div class=\"col span_12 dark\">\n<div class=\"col span_3 centered-text\" data-animation=\"\" data-delay=\"0\">\n<i class=\"icon-3x icon-medkit accent-color\"><i class=\"circle-border\"><\/i><\/i>\n<h3>Sa\u00fade no Trabalho<\/h3>\n<p>Servi\u00e7o de sa\u00fade no Trabalho &#8211; Medicina no Trabalho &#8211; autorizado pela DRS<\/div>\n<div class=\"col span_3 centered-text\" data-animation=\"\" data-delay=\"0\">\n<i class=\"icon-3x icon-warning-sign accent-color\"><i class=\"circle-border\"><\/i><\/i>\n<h3>Seguran\u00e7a no Trabalho<\/h3>\n<p>Servi\u00e7o de Seguran\u00e7a no Trabalho autorizador pela IRT\u00a0<\/div>\n<div class=\"col span_3 centered-text\" data-animation=\"\" data-delay=\"0\">\n<i class=\"icon-3x icon-trophy accent-color\"><i class=\"circle-border\"><\/i><\/i>\n<h3>Assessoria Empresarial<\/h3>\n<p>Prestamos assessoria empresarial como forma de apoio aos Serv. de Sa\u00fade e Seguran\u00e7a <\/div>\n<div class=\"col span_3 col_last centered-text\" data-animation=\"\" data-delay=\"0\">\n<i class=\"icon-3x icon-user-md accent-color\"><i class=\"circle-border\"><\/i><\/i>\n<h3>Servi\u00e7os M\u00e9dicos<\/h3>\n<p>Realizamos, dispon\u00edvel, ao p\u00fablico v\u00e1rios servi\u00e7os m\u00e9dicos e exames\u00a0<\/div><div class=\"clear\"><\/div>\n<\/div><\/div>\n\r\n\t<div id=\"fws_69e48f5b6b391\" class=\"full-width-section parallax_section   \" style=\"background-image: url(http:\/\/pss-sst.pt\/front2\/wp-content\/uploads\/2016\/08\/oficial-02.jpg); background-position: Center Center; background-repeat: no-repeat; padding-top: 40px; padding-bottom: px; \">\r\n    <div class=\"col span_12 light\">\n<\/div><\/div>\n<p>&nbsp;<\/p>\n\r\n\t<div id=\"fws_69e48f5b6b39c\" class=\"full-width-section standard_section   \" style=\"background-color: #FdFdFd; padding-top: 40px; padding-bottom: 40px; \">\r\n    <div class=\"col span_12 dark\">\n<h1 style=\"text-align: center;\">NOT\u00cdCIAS RECENTES<\/h1>\n<h2 class=\"uppercase recent-posts-title\">Recentes<a href=\"blog-4\" class=\"button\"> \/ Recentes<\/a><\/h2>\t\t\r\n\t\t<div class=\"row blog-recent\">\r\n\t\t\t\r\n\t\t\t\t\t\t\r\n\t\t\t<div class=\"col span_3\">\r\n\t\t\t\t\r\n\t\t\t\t<a href=\"http:\/\/pss-sst.pt\/front2\/?p=1138\"><img width=\"1500\" height=\"900\" src=\"http:\/\/pss-sst.pt\/front2\/wp-content\/uploads\/2020\/08\/CafeReconcile.jpg\" class=\"attachment-blog size-blog wp-post-image\" alt=\"\" loading=\"lazy\" title=\"\" srcset=\"http:\/\/pss-sst.pt\/front2\/wp-content\/uploads\/2020\/08\/CafeReconcile.jpg 1500w, http:\/\/pss-sst.pt\/front2\/wp-content\/uploads\/2020\/08\/CafeReconcile-300x180.jpg 300w, http:\/\/pss-sst.pt\/front2\/wp-content\/uploads\/2020\/08\/CafeReconcile-1024x614.jpg 1024w, http:\/\/pss-sst.pt\/front2\/wp-content\/uploads\/2020\/08\/CafeReconcile-768x461.jpg 768w, http:\/\/pss-sst.pt\/front2\/wp-content\/uploads\/2020\/08\/CafeReconcile-24x14.jpg 24w, http:\/\/pss-sst.pt\/front2\/wp-content\/uploads\/2020\/08\/CafeReconcile-36x22.jpg 36w, http:\/\/pss-sst.pt\/front2\/wp-content\/uploads\/2020\/08\/CafeReconcile-48x29.jpg 48w\" sizes=\"(max-width: 1500px) 100vw, 1500px\" \/><\/a>\r\n\t\t\t\t<div class=\"post-header\">\r\n\t\t\t\t\t<h3 class=\"title\"><a href=\"http:\/\/pss-sst.pt\/front2\/?p=1138\">Governo dos A\u00e7ores determina encerramento de espa\u00e7os noturnos de S. Miguel at\u00e9 setembro<\/a><\/h3>\t\r\n\t\t\t\t\t<span class=\"meta-author\"><a href=\"http:\/\/pss-sst.pt\/front2\/?author=1\" title=\"Artigos de PSS\" rel=\"author\">PSS<\/a> <\/span> <span class=\"meta-category\"> | <a href=\"http:\/\/pss-sst.pt\/front2\/?cat=4\" rel=\"category\">Avisos<\/a>, <a href=\"http:\/\/pss-sst.pt\/front2\/?cat=2\" rel=\"category\">Sa\u00fade<\/a> <\/span> <span class=\"meta-comment-count\"> | <a href=\"http:\/\/pss-sst.pt\/front2\/?p=1138#respond\">\r\n\t\t\t\t\tNo Comments<\/a> <\/span>\r\n\t\t\t\t<\/div><!--\/post-header-->\r\n\t\t\t\t\r\n\t\t\t\t<p>No seguimento da monitoriza\u00e7\u00e3o permanente feita \u00e0 situa\u00e7\u00e3o da pandemia de COVID-19 na Regi\u00e3o Aut\u00f3noma dos A\u00e7ores, \u00e0 data de hoje, dia 11 de agosto, existe um total de 27&#8230;<\/p>\n\t\t\t\t\r\n\t\t\t<\/div><!--\/span_3-->\r\n\t\t\t\r\n\t\t\t\t\t\t\r\n\t\t\t<div class=\"col span_3\">\r\n\t\t\t\t\r\n\t\t\t\t<div class=\"video\"><iframe width=\"560\" height=\"315\" src=\"https:\/\/www.youtube.com\/embed\/o29FRnBps6c\" frameborder=\"0\" allow=\"accelerometer; autoplay; encrypted-media; gyroscope; picture-in-picture\" allowfullscreen><\/iframe><\/div>\r\n\t\t\t\t<div class=\"post-header\">\r\n\t\t\t\t\t<h3 class=\"title\"><a href=\"http:\/\/pss-sst.pt\/front2\/?p=1122\">COVID19: Utilizar corretamente uma m\u00e1scara<\/a><\/h3>\t\r\n\t\t\t\t\t<span class=\"meta-author\"><a href=\"http:\/\/pss-sst.pt\/front2\/?author=1\" title=\"Artigos de PSS\" rel=\"author\">PSS<\/a> <\/span> <span class=\"meta-category\"> | <a href=\"http:\/\/pss-sst.pt\/front2\/?cat=1\" rel=\"category\">Geral<\/a>, <a href=\"http:\/\/pss-sst.pt\/front2\/?cat=3\" rel=\"category\">HST<\/a>, <a href=\"http:\/\/pss-sst.pt\/front2\/?cat=2\" rel=\"category\">Sa\u00fade<\/a> <\/span> <span class=\"meta-comment-count\"> | <a href=\"http:\/\/pss-sst.pt\/front2\/?p=1122#respond\">\r\n\t\t\t\t\tNo Comments<\/a> <\/span>\r\n\t\t\t\t<\/div><!--\/post-header-->\r\n\t\t\t\t\r\n\t\t\t\t<p>A utiliza\u00e7\u00e3o correta de m\u00e1scara de prote\u00e7\u00e3o, sejam EPI ou m\u00e1scaras de uso social, permite \u00e0 mascara desempenhar a sua fun\u00e7\u00e3o de prote\u00e7\u00e3o do trabalhador. Cumpre com as instru\u00e7\u00f5es da&#8230;<\/p>\n\t\t\t\t\r\n\t\t\t<\/div><!--\/span_3-->\r\n\t\t\t\r\n\t\t\t\t\t\t\r\n\t\t\t<div class=\"col span_3\">\r\n\t\t\t\t\r\n\t\t\t\t<a href=\"http:\/\/pss-sst.pt\/front2\/?p=1118\"><img width=\"705\" height=\"470\" src=\"http:\/\/pss-sst.pt\/front2\/wp-content\/uploads\/2020\/04\/10107.jpg\" class=\"attachment-blog size-blog wp-post-image\" alt=\"\" loading=\"lazy\" title=\"\" srcset=\"http:\/\/pss-sst.pt\/front2\/wp-content\/uploads\/2020\/04\/10107.jpg 705w, http:\/\/pss-sst.pt\/front2\/wp-content\/uploads\/2020\/04\/10107-300x200.jpg 300w, http:\/\/pss-sst.pt\/front2\/wp-content\/uploads\/2020\/04\/10107-24x16.jpg 24w, http:\/\/pss-sst.pt\/front2\/wp-content\/uploads\/2020\/04\/10107-36x24.jpg 36w, http:\/\/pss-sst.pt\/front2\/wp-content\/uploads\/2020\/04\/10107-48x32.jpg 48w\" sizes=\"(max-width: 705px) 100vw, 705px\" \/><\/a>\r\n\t\t\t\t<div class=\"post-header\">\r\n\t\t\t\t\t<h3 class=\"title\"><a href=\"http:\/\/pss-sst.pt\/front2\/?p=1118\">COVID19: Recomenda\u00e7\u00f5es ACT<\/a><\/h3>\t\r\n\t\t\t\t\t<span class=\"meta-author\"><a href=\"http:\/\/pss-sst.pt\/front2\/?author=1\" title=\"Artigos de PSS\" rel=\"author\">PSS<\/a> <\/span> <span class=\"meta-category\"> | <a href=\"http:\/\/pss-sst.pt\/front2\/?cat=1\" rel=\"category\">Geral<\/a>, <a href=\"http:\/\/pss-sst.pt\/front2\/?cat=3\" rel=\"category\">HST<\/a>, <a href=\"http:\/\/pss-sst.pt\/front2\/?cat=2\" rel=\"category\">Sa\u00fade<\/a> <\/span> <span class=\"meta-comment-count\"> | <a href=\"http:\/\/pss-sst.pt\/front2\/?p=1118#respond\">\r\n\t\t\t\t\tNo Comments<\/a> <\/span>\r\n\t\t\t\t<\/div><!--\/post-header-->\r\n\t\t\t\t\r\n\t\t\t\t<p>Encontra abaixo uma s\u00e9rie de v\u00eddeos produzidos pela Autoridade para as Condi\u00e7\u00f5es de Trabalho, sobre o regresso ao trabalho presencial ap\u00f3s o levantamento do estado de emerg\u00eancia.<\/p>\n\t\t\t\t\r\n\t\t\t<\/div><!--\/span_3-->\r\n\t\t\t\r\n\t\t\t\t\t\t\r\n\t\t\t<div class=\"col span_3\">\r\n\t\t\t\t\r\n\t\t\t\t<div class=\"video\"><iframe width=\"560\" height=\"315\" src=\"https:\/\/www.youtube.com\/embed\/AJAWWArzpZw\" frameborder=\"0\" allow=\"accelerometer; autoplay; encrypted-media; gyroscope; picture-in-picture\" allowfullscreen><\/iframe><\/div>\r\n\t\t\t\t<div class=\"post-header\">\r\n\t\t\t\t\t<h3 class=\"title\"><a href=\"http:\/\/pss-sst.pt\/front2\/?p=1109\">COVID19: Como utilizar uma m\u00e1scara?<\/a><\/h3>\t\r\n\t\t\t\t\t<span class=\"meta-author\"><a href=\"http:\/\/pss-sst.pt\/front2\/?author=1\" title=\"Artigos de PSS\" rel=\"author\">PSS<\/a> <\/span> <span class=\"meta-category\"> | <a href=\"http:\/\/pss-sst.pt\/front2\/?cat=1\" rel=\"category\">Geral<\/a>, <a href=\"http:\/\/pss-sst.pt\/front2\/?cat=2\" rel=\"category\">Sa\u00fade<\/a> <\/span> <span class=\"meta-comment-count\"> | <a href=\"http:\/\/pss-sst.pt\/front2\/?p=1109#respond\">\r\n\t\t\t\t\tNo Comments<\/a> <\/span>\r\n\t\t\t\t<\/div><!--\/post-header-->\r\n\t\t\t\t\r\n\t\t\t\t<p>A utiliza\u00e7\u00e3o de m\u00e1scara, quando tal for indicado, poder\u00e1 passar a ser um h\u00e1bito nos postos de trabalho ou no nosso dia-a-dia. No entanto, a \u00fanica forma de a utiliza\u00e7\u00e3o&#8230;<\/p>\n\t\t\t\t\r\n\t\t\t<\/div><!--\/span_3-->\r\n\t\t\t\r\n\t\t\t\t\r\n\t\t<\/div><!--\/blog-recent-->\r\n\t\r\n\t\n<p>&nbsp;<\/p>\n<\/div><\/div>\n\r\n\t<div id=\"fws_69e48f5b6d8b2\" class=\"full-width-section parallax_section   \" style=\"background-image: url(http:\/\/pss-sst.pt\/front2\/wp-content\/uploads\/2013\/06\/11.jpg); background-position: Left Top; background-repeat: no-repeat; padding-top: 40px; padding-bottom: 40px; \">\r\n    <div class=\"col span_12 light\">\n<div class=\"col span_6 centered-text has-animation\" data-animation=\"fade-in\" data-delay=\"150\">\n<h1 style=\"text-align: center;\">SEGURAN\u00c7A NO TRABALHO<\/h1>\n<h4 style=\"text-align: center;\">Tendo como principal objetivo a preven\u00e7\u00e3o de acidentes de trabalho e a contra\u00e7\u00e3o de doen\u00e7as profissionais, o servi\u00e7o de Seguran\u00e7a no Trabalho, al\u00e9m de garantir o cumprimento da legisla\u00e7\u00e3o em vigor, e, por ai, reduzir encargos com coimas, baixas e pr\u00e9mios de seguros elevados, potencia a competitividade e efici\u00eancia das empresas.<\/h4>\n<\/div>\n<div class=\"col span_6 col_last centered-text\" data-animation=\"\" data-delay=\"0\"><img class=\"img-with-animation\" data-delay=\"150\" data-animation=\"fade-in-from-left\" src=\"http:\/\/pss-sst.pt\/front2\/wp-content\/uploads\/2013\/06\/19196-200.png\" alt=\"\" \/>\n<h1 style=\"text-align: center;\"><\/h1>\n<\/div><div class=\"clear\"><\/div>\n<\/div><\/div>\n\r\n\t<div id=\"fws_69e48f5b6d99c\" class=\"full-width-section parallax_section   \" style=\"background-image: url(http:\/\/pss-sst.pt\/front2\/wp-content\/uploads\/2013\/06\/12.jpg); background-position: Left Top; background-repeat: no-repeat; padding-top: 40px; padding-bottom: 40px; \">\r\n    <div class=\"col span_12 light\">\n<div class=\"col span_6 centered-text has-animation\" data-animation=\"fade-in\" data-delay=\"150\">\n<img class=\"img-with-animation\" data-delay=\"150\" data-animation=\"fade-in-from-right\" src=\"http:\/\/pss-sst.pt\/front2\/wp-content\/uploads\/2013\/06\/RcdgyEEMi.png\" alt=\"\" \/><\/div>\n<div class=\"col span_6 col_last centered-text\" data-animation=\"\" data-delay=\"0\">\n<h1 style=\"text-align: center;\">SA\u00daDE NO TRABALHO<\/h1>\n<h4 style=\"text-align: center;\">A Medicina do Trabalho desempenha hoje um papel crucial nas empresas, subscrito pela generalidade da comunidade cient\u00edfica e pelos organismos internacionais de refer\u00eancia, como a OMS e a OIT a n\u00edvel Internacional. Estes conceitos englobam \u00a0a totalidade das interven\u00e7\u00f5es m\u00e9dicas, t\u00e9cnicas e outras que visam a prote\u00e7\u00e3o e a promo\u00e7\u00e3o da sa\u00fade dos trabalhadores nos locais de trabalho.<\/h4>\n<\/div><div class=\"clear\"><\/div>\n<\/div><\/div>\n","protected":false},"excerpt":{"rendered":"<p>&nbsp;<\/p>\n","protected":false},"author":1,"featured_media":0,"parent":0,"menu_order":0,"comment_status":"open","ping_status":"closed","template":"","meta":{"spay_email":""},"_links":{"self":[{"href":"http:\/\/pss-sst.pt\/front2\/index.php?rest_route=\/wp\/v2\/pages\/551"}],"collection":[{"href":"http:\/\/pss-sst.pt\/front2\/index.php?rest_route=\/wp\/v2\/pages"}],"about":[{"href":"http:\/\/pss-sst.pt\/front2\/index.php?rest_route=\/wp\/v2\/types\/page"}],"author":[{"embeddable":true,"href":"http:\/\/pss-sst.pt\/front2\/index.php?rest_route=\/wp\/v2\/users\/1"}],"replies":[{"embeddable":true,"href":"http:\/\/pss-sst.pt\/front2\/index.php?rest_route=%2Fwp%2Fv2%2Fcomments&post=551"}],"version-history":[{"count":8,"href":"http:\/\/pss-sst.pt\/front2\/index.php?rest_route=\/wp\/v2\/pages\/551\/revisions"}],"predecessor-version":[{"id":971,"href":"http:\/\/pss-sst.pt\/front2\/index.php?rest_route=\/wp\/v2\/pages\/551\/revisions\/971"}],"wp:attachment":[{"href":"http:\/\/pss-sst.pt\/front2\/index.php?rest_route=%2Fwp%2Fv2%2Fmedia&parent=551"}],"curies":[{"name":"wp","href":"https:\/\/api.w.org\/{rel}","templated":true}]}}