{"id":703,"date":"2013-03-23T13:06:18","date_gmt":"2013-03-23T13:06:18","guid":{"rendered":"http:\/\/themenectar.com\/demo\/salient\/?page_id=26"},"modified":"2020-03-21T11:41:09","modified_gmt":"2020-03-21T11:41:09","slug":"contact-2","status":"publish","type":"page","link":"http:\/\/pss-sst.pt\/front2\/?page_id=703","title":{"rendered":"Contact"},"content":{"rendered":"<div class=\"col span_8\" data-animation=\"\" data-delay=\"0\">\n<h2>CONTACT CENTER ONLINE<\/h2>\n<p><a href=\"https:\/\/www.tidio.com\/talk\/yz6ey1jtsgczj7dwcxn5wuctsm1c9okp\"><img loading=\"lazy\" class=\"alignnone wp-image-1025 size-full\" src=\"http:\/\/pss-sst.pt\/front2\/wp-content\/uploads\/2020\/03\/424b463b48f828ba296ab9e531116be6.gif\" alt=\"\" width=\"800\" height=\"600\" \/><\/a><br \/>\n<strong>Clique para entrar no sistema de Contact Center Online da PSS<\/strong>. Este servi\u00e7o \u00e9 exclusivo para clientes da PSS<\/p>\n<\/div>\n<div class=\"col span_4 col_last\" data-animation=\"\" data-delay=\"0\">\n<h2>Contactos Gerais<\/h2>\n<div class=\"col span_6\" data-animation=\"\" data-delay=\"0\"> <b>Morada<\/b>: Rua Azores Parque &#8211; Pavilh\u00e3o 2.1 Ninho de Empresas &#8211; Ponta Delgada <\/div>\n<div class=\"col span_6 col_last\" data-animation=\"\" data-delay=\"0\"> <b>Telefone<\/b>:296 098 530<br \/>\n<b>Email<\/b>: geral@pss-sst.pt\u00a0<\/div><div class=\"clear\"><\/div>\n<h2>Contactos das Linhas Diretas<\/h2>\n<p>Utilize as linhas diretas caso saiba com quem necessita de falar:<\/p>\n<div class=\"col span_6\" data-animation=\"\" data-delay=\"0\"> <b>Servi\u00e7o de Sa\u00fade<br \/>\n<\/b>Clinica do Bom Jesus<br \/>\nAv Pr\u00edncipe do M\u00f3naco s\/n<br \/>\n9500 -237 Ponta Delgada<\/div>\n<div class=\"col span_6 col_last\" data-animation=\"\" data-delay=\"0\"> <b>Telefone<\/b>:296 098 531<br \/>\n<b>Email<\/b>: geral@pss-sst.pt\u00a0<\/div><div class=\"clear\"><\/div>\n<div class=\"col span_6\" data-animation=\"\" data-delay=\"0\"> <b>Servi\u00e7o de Seguran\u00e7a<\/b><\/p>\n<p>Rua Azores Parque &#8211; Pavilh\u00e3o 2.1 Ninho de Empresas<br \/>\n9500 Ponta Delgada<\/div>\n<div class=\"col span_6 col_last\" data-animation=\"\" data-delay=\"0\"> <b>Telefone<\/b>:296 098 530<br \/>\n<b>Email<\/b>: geral@pss-sst.pt<\/div><div class=\"clear\"><\/div>\n<div class=\"col span_6\" data-animation=\"\" data-delay=\"0\"> <b>Servi\u00e7os Administrativos\/Marca\u00e7\u00f5es<\/b><\/p>\n<p>Rua Azores Parque &#8211; Pavilh\u00e3o 2.1 Ninho de Empresas<br \/>\n9500 Ponta Delgada\u00a0<\/div>\n<div class=\"col span_6 col_last\" data-animation=\"\" data-delay=\"0\"> <b>Telefone<\/b>:296 098 530<br \/>\n<b>Email<\/b>: geral@pss-sst.pt<\/div><div class=\"clear\"><\/div>\n<\/div><div class=\"clear\"><\/div>\n","protected":false},"excerpt":{"rendered":"CONTACT CENTER ONLINE Clique para entrar no sistema de Contact Center Online da PSS. Este servi\u00e7o \u00e9 exclusivo para clientes da PSS Contactos Gerais Morada: Rua Azores Parque - Pavilh\u00e3o...","protected":false},"author":1,"featured_media":0,"parent":0,"menu_order":0,"comment_status":"open","ping_status":"closed","template":"template-contact.php","meta":{"spay_email":""},"_links":{"self":[{"href":"http:\/\/pss-sst.pt\/front2\/index.php?rest_route=\/wp\/v2\/pages\/703"}],"collection":[{"href":"http:\/\/pss-sst.pt\/front2\/index.php?rest_route=\/wp\/v2\/pages"}],"about":[{"href":"http:\/\/pss-sst.pt\/front2\/index.php?rest_route=\/wp\/v2\/types\/page"}],"author":[{"embeddable":true,"href":"http:\/\/pss-sst.pt\/front2\/index.php?rest_route=\/wp\/v2\/users\/1"}],"replies":[{"embeddable":true,"href":"http:\/\/pss-sst.pt\/front2\/index.php?rest_route=%2Fwp%2Fv2%2Fcomments&post=703"}],"version-history":[{"count":7,"href":"http:\/\/pss-sst.pt\/front2\/index.php?rest_route=\/wp\/v2\/pages\/703\/revisions"}],"predecessor-version":[{"id":1042,"href":"http:\/\/pss-sst.pt\/front2\/index.php?rest_route=\/wp\/v2\/pages\/703\/revisions\/1042"}],"wp:attachment":[{"href":"http:\/\/pss-sst.pt\/front2\/index.php?rest_route=%2Fwp%2Fv2%2Fmedia&parent=703"}],"curies":[{"name":"wp","href":"https:\/\/api.w.org\/{rel}","templated":true}]}}