{"id":928,"date":"2016-08-12T15:32:40","date_gmt":"2016-08-12T15:32:40","guid":{"rendered":"http:\/\/pss-sst.pt\/front2\/?page_id=928"},"modified":"2016-08-18T11:32:33","modified_gmt":"2016-08-18T11:32:33","slug":"seguranca-no-trabalho","status":"publish","type":"page","link":"http:\/\/pss-sst.pt\/front2\/?page_id=928","title":{"rendered":"Seguran\u00e7a no Trabalho"},"content":{"rendered":"<div style=\"height: 650px\" class=\"parallax_slider_outer first-section\"><div style=\"height: 650px\" data-fullscreen=\"false\" data-autorotate=\"\" data-parallax=\"true\" data-full-width=\"true\" class=\"nectar-slider-wrap \" id=\"ns-id-69e4949aaa7d8\">\r\n\t\t<div style=\"height: 650px\" class=\"swiper-container\" data-loop=\"false\" data-height=\"650\" data-arrows=\"false\" data-bullets=\"false\" data-desktop-swipe=\"false\">\r\n\t\t\t    <div class=\"swiper-wrapper\"><div class=\"swiper-slide\" style=\"background-image: url(http:\/\/pss-sst.pt\/front2\/wp-content\/uploads\/2016\/08\/seg_no_trab.jpg);\" data-bg-alignment=\"center\" data-color-scheme=\"light\" data-x-pos=\"left\" data-y-pos=\"middle\"> \r\n\t\t\t\t\r\n\t\t\t\t\t\t\t<div class=\"container\">\r\n\t\t\t\t\t\t\t\t<div class=\"content\"><h2>SEGURAN\u00c7A NO TRABALHO<\/h2><p  ><span>O servi\u00e7o de seguran\u00e7a no trabalho, composto por t\u00e9cnicos superiores de HST, garantem a seguran\u00e7a da sua empresa!<\/span><\/p><div class=\"buttons\"><div class=\"button transparent\">\r\n\t\t\t\t\t\t\t\t\t\t\t \t\t <a class=\"primary-color\" href=\"http:\/\/pss-sst.pt\/front2\/?page_id=928\">CONHE\u00c7A<\/a>\r\n\t\t\t\t\t\t\t\t\t\t\t \t <\/div><div class=\"button solid_color\">\r\n\t\t\t\t\t\t\t\t\t\t\t \t\t <a class=\"extra-color-1\" href=\"http:\/\/pss-sst.pt\/front2\/?page_id=703\">CONTACTOS<\/a>\r\n\t\t\t\t\t\t\t\t\t\t\t \t <\/div><\/div><\/div>\r\n\t\t\t\t\t\t\t<\/div><!--\/container--><\/div><!--\/swiper-slide--><\/div><div class=\"nectar-slider-loading\"><\/div> <\/div> \r\n\t\t\t\r\n\t\t<\/div><\/div>\n\r\n\t<div id=\"fws_69e4949aad6a1\" class=\"full-width-section standard_section   \" style=\"background-color: #e2e2e2; padding-top: 40px; padding-bottom: 40px; \">\r\n    <div class=\"col span_12 dark\">\n<div class=\"col span_8\" data-animation=\"\" data-delay=\"0\">\n<h2>O QUE \u00c9?<\/h2>\n<div id=\"pastingspan1\">\n<p>Tendo como principal objetivo a preven\u00e7\u00e3o de acidentes de trabalho e a contra\u00e7\u00e3o de doen\u00e7as profissionais, o servi\u00e7o de Seguran\u00e7a no Trabalho, al\u00e9m de garantir o cumprimento da legisla\u00e7\u00e3o em vigor, e, por ai, reduzir encargos com coimas, baixas e pr\u00e9mios de seguros elevados, potencia a competitividade e efici\u00eancia das empresas.<\/p>\n<p>Na organiza\u00e7\u00e3o dos servi\u00e7os de seguran\u00e7a as empresas melhoram as condi\u00e7\u00f5es de trabalho, que minimizam os fatores de risco para os seus colaboradores e, consequentemente, reduzam o absentismo.<\/p>\n<p>Todos os servi\u00e7os de seguran\u00e7a no trabalho da PSS incluem:<\/p>\n<ul>\n<li>Emiss\u00e3o de todos os relat\u00f3rios e qualquer documento que se mostre relevante no processo de organiza\u00e7\u00e3o dos servi\u00e7os;<\/li>\n<li>Desloca\u00e7\u00f5es \u00e0s instala\u00e7\u00f5es do cliente;<\/li>\n<li>Todo e qualquer consum\u00edvel que venha a ser necess\u00e1rio a execu\u00e7\u00e3o\u00a0do servi\u00e7o;<\/li>\n<li>Instru\u00e7\u00e3o do processo documental interno, com todas as pe\u00e7as a desenvolver;<\/li>\n<li>Reuni\u00f5es, devidamente documentadas, previamente marcadas para entrega e explica\u00e7\u00e3o dos relat\u00f3rios, bem como para pontos de situa\u00e7\u00e3o peri\u00f3dicos acerca da evolu\u00e7\u00e3o do processo de implementa\u00e7\u00e3o dos servi\u00e7os;<\/li>\n<\/ul>\n<\/div>\n<\/div>\n<div class=\"col span_4 col_last\" data-animation=\"\" data-delay=\"0\">\n<h2>SERVI\u00c7OS<\/h2>\n<div class=\"toggles accordion\"> <div class=\"toggle accent-color\"><h3><a href=\"#\"><i class=\"icon-plus-sign\"><\/i>AUDITORIA DE SEGURAN\u00c7A<\/a><\/h3><div> Realiza\u00e7\u00e3o das auditorias de seguran\u00e7a, com emiss\u00e3o de respectivo relat\u00f3rio, \u00e0s instala\u00e7\u00f5es do cliente<\/div><\/div> <div class=\"toggle accent-color\"><h3><a href=\"#\"><i class=\"icon-plus-sign\"><\/i>REALIZA\u00c7\u00c3O DE AVALIA\u00c7\u00d5ES<\/a><\/h3><div> Realiza\u00e7\u00e3o de exames de ilumin\u00e2ncia e conforto t\u00e9rmico (humidade e temperatura) nos locais de trabalho\u00a0<\/div><\/div><div class=\"toggle accent-color\"><h3><a href=\"#\"><i class=\"icon-plus-sign\"><\/i>APOIO AO CLIENTE<\/a><\/h3><div> Apoio ao cliente na intera\u00e7\u00e3o com entidades oficiais\u00a0<\/div><\/div> <div class=\"toggle accent-color\"><h3><a href=\"#\"><i class=\"icon-plus-sign\"><\/i>AVALIA\u00c7\u00d5ES DE RISCO<\/a><\/h3><div> Realiza\u00e7\u00e3o das avalia\u00e7\u00f5es de risco por tarefa\/fun\u00e7\u00e3o nas instala\u00e7\u00f5es do cliente, com respetivo emiss\u00e3o de relat\u00f3rio <\/div><\/div> <div class=\"toggle accent-color\"><h3><a href=\"#\"><i class=\"icon-plus-sign\"><\/i>ELEI\u00c7\u00c3O DO REPRESENTANTE DOS TRABALHADORES<\/a><\/h3><div> Apoio na elei\u00e7\u00e3o do representante dos trabalhadores, caso necess\u00e1rio <\/div><\/div> <div class=\"toggle accent-color\"><h3><a href=\"#\"><i class=\"icon-plus-sign\"><\/i>FORMA\u00c7\u00c3O<\/a><\/h3><div> Forma\u00e7\u00e3o aos colaboradores, no \u00e2mbito da Seguran\u00e7a do trabalho, a desenvolver nas instala\u00e7\u00f5es da PSS\u00a0<span style=\"line-height: 1.5;\"><\/div><\/div><\/div><\/span><\/p>\n<\/div><div class=\"clear\"><\/div>\n<\/div><\/div>\n\r\n\t<div id=\"fws_69e4949aad745\" class=\"full-width-section standard_section   \" style=\"background-color: #00bc71; padding-top: 40px; padding-bottom: 40px; \">\r\n    <div class=\"col span_12 light\">\n<div class=\"col span_4\" data-animation=\"\" data-delay=\"0\">\n<h2>LEGISLA\u00c7\u00c3O<\/h2>\n<div><a href=\"http:\/\/pss-sst.pt\/front2\/wp-content\/uploads\/2016\/08\/Lei-n\u00ba-3-2014.pdf\"><b>Lei n.\u00ba 3\/2014, de 28 de Janeiro<\/b><\/a><\/div>\n<div id=\"pastingspan1\"><\/div>\n<div id=\"pastingspan1\">Procede \u00e0 segunda altera\u00e7\u00e3o \u00e0 Lei n.\u00ba 102\/2009, de 10 de Setembro, que aprova o regime jur\u00eddico da promo\u00e7\u00e3o da seguran\u00e7a e sa\u00fade no trabalho.<\/div>\n<div><\/div>\n<div><b><a href=\"http:\/\/pss-sst.pt\/front2\/wp-content\/uploads\/2016\/08\/Decreto-Lei-n\u00ba-102-2009.pdf\" target=\"_blank\">Lei n.\u00ba 102\/2009, de 10 de Setembro<\/a><\/b>,<\/div>\n<div>Aprova o regime jur\u00eddico da promo\u00e7\u00e3o da seguran\u00e7a e sa\u00fade no trabalho.<\/div>\n<div><\/div>\n<div>\n<div id=\"pastingspan1\"><b><a href=\"http:\/\/www.ecosaude.pt\/uploads\/Lei2320122506.pdf\" target=\"_blank\">Lei n.\u00ba 23\/2012, de 25 de junho<\/a><\/b><\/div>\n<div id=\"pastingspan1\">Procede \u00e0 terceira altera\u00e7\u00e3o ao C\u00f3digo do Trabalho, aprovado pela Lei n.\u00ba 7\/2009, de 12 de fevereiro.<\/div>\n<div><\/div>\n<div><\/div><\/div>\n<\/div>\n<div class=\"col span_8 col_last\" data-animation=\"\" data-delay=\"0\">\n<h2>FAQ<\/h2>\n<div class=\"toggles accordion\"><\/div> <div class=\"toggle accent-color\"><h3><a href=\"#\"><i class=\"icon-plus-sign\"><\/i>Quais as vantagens dos servi\u00e7os de seguran\u00e7a no trabalho para a empresa?<\/a><\/h3><div> Com a implementa\u00e7\u00e3o de um sistema desta natureza, a empresa poder\u00e1 esperar, por exemplo:<br \/>\n&#8211; melhorias significativas nas condi\u00e7\u00f5es de trabalho;<br \/>\n&#8211; redu\u00e7\u00e3o de riscos de acidentes e de doen\u00e7as profissionais;<br \/>\n&#8211; redu\u00e7\u00e3o de custos (indemniza\u00e7\u00f5es, seguros, preju\u00edzos de acidentes de trabalho, perda de dias de trabalho);<br \/>\n&#8211; melhoria da imagem da empresa;<br \/>\n&#8211; diferencia\u00e7\u00e3o em rela\u00e7\u00e3o \u00e0 concorr\u00eancia;<br \/>\n&#8211; evid\u00eancia do compromisso de cumprimento da legisla\u00e7\u00e3o;<br \/>\n&#8211; motiva\u00e7\u00e3o dos trabalhadores com a promo\u00e7\u00e3o de um ambiente de trabalho seguro e saud\u00e1vel. <\/div><\/div><div class=\"toggle accent-color\"><h3><a href=\"#\"><i class=\"icon-plus-sign\"><\/i>Quais as compet\u00eancias do t\u00e9cnico superior de seguran\u00e7a?<\/a><\/h3><div> O profissional detentor de t\u00edtulo profissional de t\u00e9cnico superior de seguran\u00e7a no trabalho organiza, desenvolve, coordena e controla as atividades de preven\u00e7\u00e3o e de prote\u00e7\u00e3o contra riscos profissionais.<\/div><\/div><div class=\"toggle accent-color\"><h3><a href=\"#\"><i class=\"icon-plus-sign\"><\/i>Quais os princ\u00edpios deontol\u00f3gicos que os t\u00e9cnicos superiores de seguran\u00e7a devem seguir?<\/a><\/h3><div> Os t\u00e9cnicos de seguran\u00e7a no trabalho e t\u00e9cnicos superiores de seguran\u00e7a no trabalho devem cumprir os princ\u00edpios deontol\u00f3gicos definidos pelo art.\u00ba 7.\u00ba da Lei n.\u00ba 42\/2012 de 28 de agosto e abaixo enunciados:<br \/>\na) Considerar a seguran\u00e7a e sa\u00fade dos trabalhadores como fatores priorit\u00e1rios da sua interven\u00e7\u00e3o;<br \/>\nb) Basear a sua atividade em conhecimentos cient\u00edficos e compet\u00eancia t\u00e9cnica e propor a interven\u00e7\u00e3o de peritos especializados, quando necess\u00e1rio;<br \/>\nc) Adquirir e atualizar as compet\u00eancias e os conhecimentos necess\u00e1rios ao exerc\u00edcio das suas fun\u00e7\u00f5es;<br \/>\nd) Executar as suas fun\u00e7\u00f5es com autonomia t\u00e9cnica, colaborando com o empregador no cumprimento das suas obriga\u00e7\u00f5es;<br \/>\ne) Informar o empregador, os trabalhadores e os seus representantes para a seguran\u00e7a e sa\u00fade no trabalho sobre a exist\u00eancia de situa\u00e7\u00f5es particularmente perigosas que requeiram uma interven\u00e7\u00e3o imediata;<br \/>\nf) Colaborar com os trabalhadores e os seus representantes para a seguran\u00e7a e sa\u00fade no trabalho, desenvolvendo as suas capacidades de interven\u00e7\u00e3o sobre os fatores de risco profissional e as medidas de preven\u00e7\u00e3o adequadas;<br \/>\ng) Abster -se de revelar informa\u00e7\u00f5es referentes \u00e0 organiza\u00e7\u00e3o, m\u00e9todos de produ\u00e7\u00e3o ou neg\u00f3cios de que tenham conhecimento em virtude do desempenho das suas fun\u00e7\u00f5es;<br \/>\nh) Proteger a confidencialidade dos dados que afetem a privacidade dos trabalhadores;<br \/>\ni) Consultar e cooperar com os organismos da rede nacional de preven\u00e7\u00e3o de riscos profissionais.<\/p>\n<\/div><\/div>\n<\/div><div class=\"clear\"><\/div>\n<\/div><\/div>\n","protected":false},"excerpt":{"rendered":"","protected":false},"author":1,"featured_media":0,"parent":0,"menu_order":0,"comment_status":"closed","ping_status":"closed","template":"","meta":{"spay_email":""},"_links":{"self":[{"href":"http:\/\/pss-sst.pt\/front2\/index.php?rest_route=\/wp\/v2\/pages\/928"}],"collection":[{"href":"http:\/\/pss-sst.pt\/front2\/index.php?rest_route=\/wp\/v2\/pages"}],"about":[{"href":"http:\/\/pss-sst.pt\/front2\/index.php?rest_route=\/wp\/v2\/types\/page"}],"author":[{"embeddable":true,"href":"http:\/\/pss-sst.pt\/front2\/index.php?rest_route=\/wp\/v2\/users\/1"}],"replies":[{"embeddable":true,"href":"http:\/\/pss-sst.pt\/front2\/index.php?rest_route=%2Fwp%2Fv2%2Fcomments&post=928"}],"version-history":[{"count":6,"href":"http:\/\/pss-sst.pt\/front2\/index.php?rest_route=\/wp\/v2\/pages\/928\/revisions"}],"predecessor-version":[{"id":958,"href":"http:\/\/pss-sst.pt\/front2\/index.php?rest_route=\/wp\/v2\/pages\/928\/revisions\/958"}],"wp:attachment":[{"href":"http:\/\/pss-sst.pt\/front2\/index.php?rest_route=%2Fwp%2Fv2%2Fmedia&parent=928"}],"curies":[{"name":"wp","href":"https:\/\/api.w.org\/{rel}","templated":true}]}}