{"id":937,"date":"2016-08-16T09:20:06","date_gmt":"2016-08-16T09:20:06","guid":{"rendered":"http:\/\/pss-sst.pt\/front2\/?page_id=937"},"modified":"2020-03-26T09:34:51","modified_gmt":"2020-03-26T09:34:51","slug":"proposta","status":"publish","type":"page","link":"http:\/\/pss-sst.pt\/front2\/?page_id=937","title":{"rendered":"Proposta"},"content":{"rendered":"<div style=\"height: 650px\" data-fullscreen=\"false\" data-autorotate=\"\" data-parallax=\"false\" data-full-width=\"true\" class=\"nectar-slider-wrap first-section\" id=\"ns-id-69e495b644119\">\r\n\t\t<div style=\"height: 650px\" class=\"swiper-container\" data-loop=\"false\" data-height=\"650\" data-arrows=\"false\" data-bullets=\"false\" data-desktop-swipe=\"false\">\r\n\t\t\t    <div class=\"swiper-wrapper\"><div class=\"swiper-slide\" style=\"background-image: url(http:\/\/pss-sst.pt\/front2\/wp-content\/uploads\/2016\/08\/oficial-02.jpg);\" data-bg-alignment=\"center\" data-color-scheme=\"light\" data-x-pos=\"centered\" data-y-pos=\"middle\"> \r\n\t\t\t\t\r\n\t\t\t\t\t\t\t<div class=\"container\">\r\n\t\t\t\t\t\t\t\t<div class=\"content\"><h2>SOBRE N\u00d3S...<\/h2><p  ><span>O seu parceiro!<\/span><\/p><\/div>\r\n\t\t\t\t\t\t\t<\/div><!--\/container--><\/div><!--\/swiper-slide--><\/div><div class=\"nectar-slider-loading\"><\/div> <\/div> \r\n\t\t\t\r\n\t\t<\/div>\n\r\n\t<div id=\"fws_69e495b647643\" class=\"full-width-section standard_section   \" style=\"padding-top: 40px; padding-bottom: 40px; \">\r\n    <div class=\"col span_12 dark\">\n<div class=\"col span_8\" data-animation=\"\" data-delay=\"0\"> <div role=\"form\" class=\"wpcf7\" id=\"wpcf7-f936-o1\" lang=\"pt-PT\" dir=\"ltr\">\n<div class=\"screen-reader-response\"><p role=\"status\" aria-live=\"polite\" aria-atomic=\"true\"><\/p> <ul><\/ul><\/div>\n<form action=\"\/front2\/index.php?rest_route=%2Fwp%2Fv2%2Fpages%2F937#wpcf7-f936-o1\" method=\"post\" class=\"wpcf7-form init\" novalidate=\"novalidate\" data-status=\"init\">\n<div style=\"display: none;\">\n<input type=\"hidden\" name=\"_wpcf7\" value=\"936\" \/>\n<input type=\"hidden\" name=\"_wpcf7_version\" value=\"5.4\" \/>\n<input type=\"hidden\" name=\"_wpcf7_locale\" value=\"pt_PT\" \/>\n<input type=\"hidden\" name=\"_wpcf7_unit_tag\" value=\"wpcf7-f936-o1\" \/>\n<input type=\"hidden\" name=\"_wpcf7_container_post\" value=\"0\" \/>\n<input type=\"hidden\" name=\"_wpcf7_posted_data_hash\" value=\"\" \/>\n<\/div>\n<h2> DADOS DE CONTACTO <\/h2>\n<p><label> O seu Nome<\/label><br \/>\n<span class=\"wpcf7-form-control-wrap Oseunome\"><input type=\"text\" name=\"Oseunome\" value=\"\" size=\"40\" class=\"wpcf7-form-control wpcf7-text wpcf7-validates-as-required\" aria-required=\"true\" aria-invalid=\"false\" \/><\/span> <label> Email <\/label><br \/>\n<span class=\"wpcf7-form-control-wrap Email\"><input type=\"text\" name=\"Email\" value=\"\" size=\"40\" class=\"wpcf7-form-control wpcf7-text wpcf7-validates-as-required\" aria-required=\"true\" aria-invalid=\"false\" \/><\/span><label> Telefone\/Telem\u00f3vel  <\/label><br \/>\n<span class=\"wpcf7-form-control-wrap Telefone\"><input type=\"tel\" name=\"Telefone\" value=\"\" size=\"40\" class=\"wpcf7-form-control wpcf7-text wpcf7-tel wpcf7-validates-as-required wpcf7-validates-as-tel\" aria-required=\"true\" aria-invalid=\"false\" \/><\/span> <label> Fun\u00e7\u00e3o <\/label><br \/>\n<span class=\"wpcf7-form-control-wrap funo\"><input type=\"text\" name=\"funo\" value=\"\" size=\"40\" class=\"wpcf7-form-control wpcf7-text wpcf7-validates-as-required\" aria-required=\"true\" aria-invalid=\"false\" \/><\/span> <\/p>\n<hr \/>\n<p><label> Servi\u00e7os de que necessita:<\/label><br \/>\n<span class=\"wpcf7-form-control-wrap Servicos\"><span class=\"wpcf7-form-control wpcf7-checkbox wpcf7-validates-as-required\"><span class=\"wpcf7-list-item first\"><input type=\"checkbox\" name=\"Servicos[]\" value=\"Sa\u00fade no Trabalho\" \/><span class=\"wpcf7-list-item-label\">Sa\u00fade no Trabalho<\/span><\/span><span class=\"wpcf7-list-item\"><input type=\"checkbox\" name=\"Servicos[]\" value=\"Seguran\u00e7a no Trabalho\" \/><span class=\"wpcf7-list-item-label\">Seguran\u00e7a no Trabalho<\/span><\/span><span class=\"wpcf7-list-item\"><input type=\"checkbox\" name=\"Servicos[]\" value=\"Forma\u00e7\u00e3o\" \/><span class=\"wpcf7-list-item-label\">Forma\u00e7\u00e3o<\/span><\/span><span class=\"wpcf7-list-item last\"><input type=\"checkbox\" name=\"Servicos[]\" value=\"Preven\u00e7\u00e3o e Controlo de Depend\u00eancias\" \/><span class=\"wpcf7-list-item-label\">Preven\u00e7\u00e3o e Controlo de Depend\u00eancias<\/span><\/span><\/span><\/span> <\/p>\n<hr \/>\n<h2>DADOS DA EMPRESA<\/h2>\n<p><label> Empresa <\/label><span class=\"wpcf7-form-control-wrap Empresa\"><input type=\"text\" name=\"Empresa\" value=\"\" size=\"40\" class=\"wpcf7-form-control wpcf7-text wpcf7-validates-as-required\" aria-required=\"true\" aria-invalid=\"false\" \/><\/span><br \/>\n<label> Atividade Principal <\/label><span class=\"wpcf7-form-control-wrap AtividadePrincipal\"><input type=\"text\" name=\"AtividadePrincipal\" value=\"\" size=\"40\" class=\"wpcf7-form-control wpcf7-text wpcf7-validates-as-required\" aria-required=\"true\" aria-invalid=\"false\" \/><\/span><br \/>\n<label> Morada Completa <\/label><span class=\"wpcf7-form-control-wrap Morada\"><input type=\"text\" name=\"Morada\" value=\"\" size=\"40\" class=\"wpcf7-form-control wpcf7-text wpcf7-validates-as-required\" aria-required=\"true\" aria-invalid=\"false\" \/><\/span><br \/>\n<label> Contribuinte <\/label><span class=\"wpcf7-form-control-wrap Contribuinte\"><input type=\"text\" name=\"Contribuinte\" value=\"\" size=\"40\" class=\"wpcf7-form-control wpcf7-text wpcf7-validates-as-required\" aria-required=\"true\" aria-invalid=\"false\" \/><\/span><br \/>\n<label> CAE <\/label><span class=\"wpcf7-form-control-wrap CAE\"><input type=\"text\" name=\"CAE\" value=\"\" size=\"40\" class=\"wpcf7-form-control wpcf7-text wpcf7-validates-as-required\" aria-required=\"true\" aria-invalid=\"false\" \/><\/span><br \/>\n<label> N\u00ba de Trabalhadores <\/label><span class=\"wpcf7-form-control-wrap NdeTrabalhadores\"><input type=\"text\" name=\"NdeTrabalhadores\" value=\"\" size=\"40\" class=\"wpcf7-form-control wpcf7-text wpcf7-validates-as-required\" aria-required=\"true\" aria-invalid=\"false\" \/><\/span><br \/>\n<label> N\u00ba de Estabelecimentos <\/label><span class=\"wpcf7-form-control-wrap NdeEstabvelecimentos\"><input type=\"text\" name=\"NdeEstabvelecimentos\" value=\"\" size=\"40\" class=\"wpcf7-form-control wpcf7-text wpcf7-validates-as-required\" aria-required=\"true\" aria-invalid=\"false\" \/><\/span><\/p>\n<p><input type=\"submit\" value=\"Enviar\" class=\"wpcf7-form-control wpcf7-submit\" \/><\/p>\n<p style=\"display: none !important;\"><label>&#916;<textarea name=\"_wpcf7_ak_hp_textarea\" cols=\"45\" rows=\"8\" maxlength=\"100\"><\/textarea><\/label><input type=\"hidden\" id=\"ak_js_1\" name=\"_wpcf7_ak_js\" value=\"238\"\/><script>document.getElementById( \"ak_js_1\" ).setAttribute( \"value\", ( new Date() ).getTime() );<\/script><\/p><div class=\"wpcf7-response-output\" aria-hidden=\"true\"><\/div><\/form><\/div><\/div>\n<div class=\"col span_4 col_last\" data-animation=\"\" data-delay=\"0\">\n<h2>AJUDA<\/h2>\n<p>Todos os campos s\u00e3o de preenchimento obrigat\u00f3rio.<\/p>\n<p>N\u00e3o se esque\u00e7a de inserir email e telem\u00f3vel v\u00e1lidos, pois ser\u00e3o estes os contactos utilizados para responder ao seu pedido de proposta.<\/p>\n<p>Antes de pedir uma proposta, se necessitar de esclarecer alguma d\u00favida ou quest\u00e3o utilize um dos meios de <a href=\"http:\/\/pss-sst.pt\/front2\/?page_id=703\">contacto<\/a> dispon\u00edveis.<\/p>\n<p><a href=\"https:\/\/www.tidio.com\/talk\/yz6ey1jtsgczj7dwcxn5wuctsm1c9okp\"><img loading=\"lazy\" class=\"alignnone wp-image-1074 \" src=\"http:\/\/pss-sst.pt\/front2\/wp-content\/uploads\/2020\/03\/Buton-CC-Online-16.jpg\" alt=\"\" width=\"423\" height=\"114\" srcset=\"http:\/\/pss-sst.pt\/front2\/wp-content\/uploads\/2020\/03\/Buton-CC-Online-16.jpg 360w, http:\/\/pss-sst.pt\/front2\/wp-content\/uploads\/2020\/03\/Buton-CC-Online-16-300x81.jpg 300w, http:\/\/pss-sst.pt\/front2\/wp-content\/uploads\/2020\/03\/Buton-CC-Online-16-24x6.jpg 24w, http:\/\/pss-sst.pt\/front2\/wp-content\/uploads\/2020\/03\/Buton-CC-Online-16-36x10.jpg 36w, http:\/\/pss-sst.pt\/front2\/wp-content\/uploads\/2020\/03\/Buton-CC-Online-16-48x13.jpg 48w\" sizes=\"(max-width: 423px) 100vw, 423px\" \/><\/a> <img loading=\"lazy\" class=\"alignnone  wp-image-1075\" src=\"http:\/\/pss-sst.pt\/front2\/wp-content\/uploads\/2020\/03\/Button-Telefone1-16.jpg\" alt=\"\" width=\"423\" height=\"114\" srcset=\"http:\/\/pss-sst.pt\/front2\/wp-content\/uploads\/2020\/03\/Button-Telefone1-16.jpg 360w, http:\/\/pss-sst.pt\/front2\/wp-content\/uploads\/2020\/03\/Button-Telefone1-16-300x81.jpg 300w, http:\/\/pss-sst.pt\/front2\/wp-content\/uploads\/2020\/03\/Button-Telefone1-16-24x6.jpg 24w, http:\/\/pss-sst.pt\/front2\/wp-content\/uploads\/2020\/03\/Button-Telefone1-16-36x10.jpg 36w, http:\/\/pss-sst.pt\/front2\/wp-content\/uploads\/2020\/03\/Button-Telefone1-16-48x13.jpg 48w\" sizes=\"(max-width: 423px) 100vw, 423px\" \/> <img loading=\"lazy\" class=\"alignnone wp-image-1076 \" src=\"http:\/\/pss-sst.pt\/front2\/wp-content\/uploads\/2020\/03\/Button-Email-16.jpg\" alt=\"\" width=\"423\" height=\"114\" srcset=\"http:\/\/pss-sst.pt\/front2\/wp-content\/uploads\/2020\/03\/Button-Email-16.jpg 360w, http:\/\/pss-sst.pt\/front2\/wp-content\/uploads\/2020\/03\/Button-Email-16-300x81.jpg 300w, http:\/\/pss-sst.pt\/front2\/wp-content\/uploads\/2020\/03\/Button-Email-16-24x6.jpg 24w, http:\/\/pss-sst.pt\/front2\/wp-content\/uploads\/2020\/03\/Button-Email-16-36x10.jpg 36w, http:\/\/pss-sst.pt\/front2\/wp-content\/uploads\/2020\/03\/Button-Email-16-48x13.jpg 48w\" sizes=\"(max-width: 423px) 100vw, 423px\" \/><\/p>\n<\/div><div class=\"clear\"><\/div>\u00a0<\/div><\/div>\n","protected":false},"excerpt":{"rendered":"","protected":false},"author":1,"featured_media":0,"parent":0,"menu_order":0,"comment_status":"closed","ping_status":"closed","template":"","meta":{"spay_email":""},"_links":{"self":[{"href":"http:\/\/pss-sst.pt\/front2\/index.php?rest_route=\/wp\/v2\/pages\/937"}],"collection":[{"href":"http:\/\/pss-sst.pt\/front2\/index.php?rest_route=\/wp\/v2\/pages"}],"about":[{"href":"http:\/\/pss-sst.pt\/front2\/index.php?rest_route=\/wp\/v2\/types\/page"}],"author":[{"embeddable":true,"href":"http:\/\/pss-sst.pt\/front2\/index.php?rest_route=\/wp\/v2\/users\/1"}],"replies":[{"embeddable":true,"href":"http:\/\/pss-sst.pt\/front2\/index.php?rest_route=%2Fwp%2Fv2%2Fcomments&post=937"}],"version-history":[{"count":7,"href":"http:\/\/pss-sst.pt\/front2\/index.php?rest_route=\/wp\/v2\/pages\/937\/revisions"}],"predecessor-version":[{"id":1085,"href":"http:\/\/pss-sst.pt\/front2\/index.php?rest_route=\/wp\/v2\/pages\/937\/revisions\/1085"}],"wp:attachment":[{"href":"http:\/\/pss-sst.pt\/front2\/index.php?rest_route=%2Fwp%2Fv2%2Fmedia&parent=937"}],"curies":[{"name":"wp","href":"https:\/\/api.w.org\/{rel}","templated":true}]}}