{"id":983,"date":"2019-09-30T14:13:30","date_gmt":"2019-09-30T14:13:30","guid":{"rendered":"http:\/\/pss-sst.pt\/front2\/?page_id=983"},"modified":"2019-09-30T14:13:30","modified_gmt":"2019-09-30T14:13:30","slug":"rgpd","status":"publish","type":"page","link":"http:\/\/pss-sst.pt\/front2\/?page_id=983","title":{"rendered":"RGPD"},"content":{"rendered":"\n<div class=\"wp-block-image\"><figure class=\"aligncenter\"><img loading=\"lazy\" width=\"354\" height=\"239\" src=\"http:\/\/pss-sst.pt\/front2\/wp-content\/uploads\/2019\/09\/icon-4.png\" alt=\"\" class=\"wp-image-988\" srcset=\"http:\/\/pss-sst.pt\/front2\/wp-content\/uploads\/2019\/09\/icon-4.png 354w, http:\/\/pss-sst.pt\/front2\/wp-content\/uploads\/2019\/09\/icon-4-300x203.png 300w\" sizes=\"(max-width: 354px) 100vw, 354px\" \/><\/figure><\/div>\n\n\n\n<h2>Informa\u00e7\u00e3o do Regulamento Geral de Prote\u00e7\u00e3o de Dados <br><\/h2>\n\n\n\n<h4>Com vista ao cumprimento de todas as normas jur\u00eddicas nacionais e internacionais, aplic\u00e1veis ao processo de prote\u00e7\u00e3o de dados, privacidade e seguran\u00e7a de informa\u00e7\u00e3o, a EQUATIONS IN PROGRESS LDA. (designada adiante pela sua marca p\u00fablica PSS) estabelece no presente documento os seus procedimentos internos nesta mat\u00e9ria.\u00a0<\/h4>\n\n\n\n<div class=\"wp-block-file\"><a href=\"http:\/\/pss-sst.pt\/front2\/wp-content\/uploads\/2019\/09\/Anexo-33-RPGD.pdf\">Pol\u00edtica de Privacidade e Gest\u00e3o de Dados<\/a><a href=\"http:\/\/pss-sst.pt\/front2\/wp-content\/uploads\/2019\/09\/Anexo-33-RPGD.pdf\" class=\"wp-block-file__button\" download>Descarregar<\/a><\/div>\n","protected":false},"excerpt":{"rendered":"<p>Informa\u00e7\u00e3o do Regulamento Geral de Prote\u00e7\u00e3o de Dados Com vista ao cumprimento de todas as normas jur\u00eddicas nacionais e internacionais, aplic\u00e1veis ao processo de prote\u00e7\u00e3o de dados, privacidade e seguran\u00e7a&#8230;<\/p>\n","protected":false},"author":1,"featured_media":0,"parent":0,"menu_order":0,"comment_status":"closed","ping_status":"closed","template":"","meta":{"spay_email":""},"_links":{"self":[{"href":"http:\/\/pss-sst.pt\/front2\/index.php?rest_route=\/wp\/v2\/pages\/983"}],"collection":[{"href":"http:\/\/pss-sst.pt\/front2\/index.php?rest_route=\/wp\/v2\/pages"}],"about":[{"href":"http:\/\/pss-sst.pt\/front2\/index.php?rest_route=\/wp\/v2\/types\/page"}],"author":[{"embeddable":true,"href":"http:\/\/pss-sst.pt\/front2\/index.php?rest_route=\/wp\/v2\/users\/1"}],"replies":[{"embeddable":true,"href":"http:\/\/pss-sst.pt\/front2\/index.php?rest_route=%2Fwp%2Fv2%2Fcomments&post=983"}],"version-history":[{"count":3,"href":"http:\/\/pss-sst.pt\/front2\/index.php?rest_route=\/wp\/v2\/pages\/983\/revisions"}],"predecessor-version":[{"id":989,"href":"http:\/\/pss-sst.pt\/front2\/index.php?rest_route=\/wp\/v2\/pages\/983\/revisions\/989"}],"wp:attachment":[{"href":"http:\/\/pss-sst.pt\/front2\/index.php?rest_route=%2Fwp%2Fv2%2Fmedia&parent=983"}],"curies":[{"name":"wp","href":"https:\/\/api.w.org\/{rel}","templated":true}]}}